{"id":34,"date":"2022-05-10T01:22:35","date_gmt":"2022-05-10T04:22:35","guid":{"rendered":"https:\/\/modelo1.webunity.com.br\/site\/?page_id=34"},"modified":"2024-08-30T18:02:53","modified_gmt":"2024-08-30T21:02:53","slug":"sobre","status":"publish","type":"page","link":"https:\/\/radiotvcristoealianca.com.br\/site\/sobre\/","title":{"rendered":"Sobre n\u00f3s"},"content":{"rendered":"\t\t<div data-elementor-type=\"wp-page\" data-elementor-id=\"34\" class=\"elementor elementor-34\">\n\t\t\t\t\t\t<section class=\"elementor-section elementor-top-section elementor-element elementor-element-debbc89 elementor-section-boxed elementor-section-height-default elementor-section-height-default\" data-id=\"debbc89\" data-element_type=\"section\">\n\t\t\t\t\t\t<div class=\"elementor-container elementor-column-gap-no\">\n\t\t\t\t\t<div class=\"elementor-column elementor-col-50 elementor-top-column elementor-element elementor-element-7059ebf\" data-id=\"7059ebf\" data-element_type=\"column\">\n\t\t\t<div class=\"elementor-widget-wrap elementor-element-populated\">\n\t\t\t\t\t\t<div class=\"elementor-element elementor-element-88a2a52 elementor-widget elementor-widget-heading\" data-id=\"88a2a52\" data-element_type=\"widget\" data-widget_type=\"heading.default\">\n\t\t\t\t<div class=\"elementor-widget-container\">\n\t\t\t<style>\/*! elementor - v3.21.0 - 15-04-2024 *\/\n.elementor-heading-title{padding:0;margin:0;line-height:1}.elementor-widget-heading .elementor-heading-title[class*=elementor-size-]>a{color:inherit;font-size:inherit;line-height:inherit}.elementor-widget-heading .elementor-heading-title.elementor-size-small{font-size:15px}.elementor-widget-heading .elementor-heading-title.elementor-size-medium{font-size:19px}.elementor-widget-heading .elementor-heading-title.elementor-size-large{font-size:29px}.elementor-widget-heading .elementor-heading-title.elementor-size-xl{font-size:39px}.elementor-widget-heading .elementor-heading-title.elementor-size-xxl{font-size:59px}<\/style><h2 class=\"elementor-heading-title elementor-size-default\">Sobre n\u00f3s<\/h2>\t\t<\/div>\n\t\t\t\t<\/div>\n\t\t\t\t<div class=\"elementor-element elementor-element-4cf83d3 elementor-widget elementor-widget-text-editor\" data-id=\"4cf83d3\" data-element_type=\"widget\" data-widget_type=\"text-editor.default\">\n\t\t\t\t<div class=\"elementor-widget-container\">\n\t\t\t<style>\/*! elementor - v3.21.0 - 15-04-2024 *\/\n.elementor-widget-text-editor.elementor-drop-cap-view-stacked .elementor-drop-cap{background-color:#69727d;color:#fff}.elementor-widget-text-editor.elementor-drop-cap-view-framed .elementor-drop-cap{color:#69727d;border:3px solid;background-color:transparent}.elementor-widget-text-editor:not(.elementor-drop-cap-view-default) .elementor-drop-cap{margin-top:8px}.elementor-widget-text-editor:not(.elementor-drop-cap-view-default) .elementor-drop-cap-letter{width:1em;height:1em}.elementor-widget-text-editor .elementor-drop-cap{float:left;text-align:center;line-height:1;font-size:50px}.elementor-widget-text-editor .elementor-drop-cap-letter{display:inline-block}<\/style>\t\t\t\tCristo \u00e9 Alian\u00e7a \u00e9 uma Igreja , r\u00e1dio e TV evang\u00e9lica dedicada a espalhar a mensagem transformadora do Evangelho de Jesus Cristo. Nosso nome reflete o compromisso inabal\u00e1vel com a alian\u00e7a que Deus fez conosco atrav\u00e9s de Seu Filho, Jesus.\n\t\t\t\t\t\t<\/div>\n\t\t\t\t<\/div>\n\t\t\t\t<section class=\"elementor-section elementor-inner-section elementor-element elementor-element-b02fa09 elementor-section-boxed elementor-section-height-default elementor-section-height-default\" data-id=\"b02fa09\" data-element_type=\"section\">\n\t\t\t\t\t\t<div class=\"elementor-container elementor-column-gap-default\">\n\t\t\t\t\t<div class=\"elementor-column elementor-col-100 elementor-inner-column elementor-element elementor-element-f55b9ed\" data-id=\"f55b9ed\" data-element_type=\"column\">\n\t\t\t<div class=\"elementor-widget-wrap elementor-element-populated\">\n\t\t\t\t\t\t<div class=\"elementor-element elementor-element-ffbec72 elementor-widget elementor-widget-heading\" data-id=\"ffbec72\" data-element_type=\"widget\" data-widget_type=\"heading.default\">\n\t\t\t\t<div class=\"elementor-widget-container\">\n\t\t\t<h2 class=\"elementor-heading-title elementor-size-default\">- Nossa Hist\u00f3ria\n<\/h2>\t\t<\/div>\n\t\t\t\t<\/div>\n\t\t\t\t<div class=\"elementor-element elementor-element-f20acf9 elementor-widget elementor-widget-text-editor\" data-id=\"f20acf9\" data-element_type=\"widget\" data-widget_type=\"text-editor.default\">\n\t\t\t\t<div class=\"elementor-widget-container\">\n\t\t\t\t\t\t\tA nossa igreja nasceu h\u00e1 mais de 20 anos, a partir de uma palavra direta do Senhor Deus para o Pastor Tony. Foi essa revela\u00e7\u00e3o divina que deu in\u00edcio a um minist\u00e9rio voltado para a prega\u00e7\u00e3o da Palavra e a constru\u00e7\u00e3o de uma comunidade de f\u00e9 s\u00f3lida e vibrante. Desde ent\u00e3o, temos trabalhado com dedica\u00e7\u00e3o para cumprir o prop\u00f3sito que Deus nos confiou.\n\t\t\t\t\t\t<\/div>\n\t\t\t\t<\/div>\n\t\t\t\t\t<\/div>\n\t\t<\/div>\n\t\t\t\t\t<\/div>\n\t\t<\/section>\n\t\t\t\t<section class=\"elementor-section elementor-inner-section elementor-element elementor-element-ecac229 elementor-section-boxed elementor-section-height-default elementor-section-height-default\" data-id=\"ecac229\" data-element_type=\"section\">\n\t\t\t\t\t\t<div class=\"elementor-container elementor-column-gap-default\">\n\t\t\t\t\t<div class=\"elementor-column elementor-col-100 elementor-inner-column elementor-element elementor-element-ddf5eab\" data-id=\"ddf5eab\" data-element_type=\"column\">\n\t\t\t<div class=\"elementor-widget-wrap elementor-element-populated\">\n\t\t\t\t\t\t<div class=\"elementor-element elementor-element-5c897ed elementor-widget elementor-widget-heading\" data-id=\"5c897ed\" data-element_type=\"widget\" data-widget_type=\"heading.default\">\n\t\t\t\t<div class=\"elementor-widget-container\">\n\t\t\t<h2 class=\"elementor-heading-title elementor-size-default\">- Nossa Miss\u00e3o\n<\/h2>\t\t<\/div>\n\t\t\t\t<\/div>\n\t\t\t\t<div class=\"elementor-element elementor-element-adaf0c5 elementor-widget elementor-widget-text-editor\" data-id=\"adaf0c5\" data-element_type=\"widget\" data-widget_type=\"text-editor.default\">\n\t\t\t\t<div class=\"elementor-widget-container\">\n\t\t\t\t\t\t\tNosso objetivo \u00e9 proporcionar uma plataforma onde a Palavra de Deus possa ser ouvida e vivida. Acreditamos que, ao compartilhar as Escrituras e os ensinamentos de Cristo, podemos ajudar a construir uma comunidade de f\u00e9 forte, unida pelo amor e pela verdade.\n\t\t\t\t\t\t<\/div>\n\t\t\t\t<\/div>\n\t\t\t\t\t<\/div>\n\t\t<\/div>\n\t\t\t\t\t<\/div>\n\t\t<\/section>\n\t\t\t\t<section class=\"elementor-section elementor-inner-section elementor-element elementor-element-e201a6a elementor-section-boxed elementor-section-height-default elementor-section-height-default\" data-id=\"e201a6a\" data-element_type=\"section\">\n\t\t\t\t\t\t<div class=\"elementor-container elementor-column-gap-default\">\n\t\t\t\t\t<div class=\"elementor-column elementor-col-100 elementor-inner-column elementor-element elementor-element-1a5831c\" data-id=\"1a5831c\" data-element_type=\"column\">\n\t\t\t<div class=\"elementor-widget-wrap elementor-element-populated\">\n\t\t\t\t\t\t<div class=\"elementor-element elementor-element-975ebe8 elementor-widget elementor-widget-text-editor\" data-id=\"975ebe8\" data-element_type=\"widget\" data-widget_type=\"text-editor.default\">\n\t\t\t\t<div class=\"elementor-widget-container\">\n\t\t\t\t\t\t\t<p>Na Cristo \u00e9 Alian\u00e7a, oferecemos uma programa\u00e7\u00e3o diversificada que inclui:<\/p><p>\u2022 Cultos e Serm\u00f5es: Transmiss\u00f5es ao vivo e gravadas de cultos, mensagens inspiradoras e estudos b\u00edblicos.<br \/>\u2022 M\u00fasica Crist\u00e3: Uma sele\u00e7\u00e3o cuidadosa de hinos, louvores e m\u00fasicas que elevam o esp\u00edrito e fortalecem a f\u00e9.<br \/>\u2022 Programas Educacionais: Ensinamentos sobre a B\u00edblia, estudos teol\u00f3gicos e programas que abordam quest\u00f5es pr\u00e1ticas da vida crist\u00e3.<br \/>\u2022 Entrevistas e Testemunhos: Hist\u00f3rias de vida transformada, entrevistas com l\u00edderes crist\u00e3os e testemunhos que demonstram o poder de Deus em a\u00e7\u00e3o.\u00a0<\/p>\t\t\t\t\t\t<\/div>\n\t\t\t\t<\/div>\n\t\t\t\t\t<\/div>\n\t\t<\/div>\n\t\t\t\t\t<\/div>\n\t\t<\/section>\n\t\t\t\t<section class=\"elementor-section elementor-inner-section elementor-element elementor-element-67b4bdb elementor-section-boxed elementor-section-height-default elementor-section-height-default\" data-id=\"67b4bdb\" data-element_type=\"section\">\n\t\t\t\t\t\t<div class=\"elementor-container elementor-column-gap-default\">\n\t\t\t\t\t<div class=\"elementor-column elementor-col-100 elementor-inner-column elementor-element elementor-element-dbfb7e6\" data-id=\"dbfb7e6\" data-element_type=\"column\">\n\t\t\t<div class=\"elementor-widget-wrap elementor-element-populated\">\n\t\t\t\t\t\t<div class=\"elementor-element elementor-element-d408ced elementor-widget elementor-widget-heading\" data-id=\"d408ced\" data-element_type=\"widget\" data-widget_type=\"heading.default\">\n\t\t\t\t<div class=\"elementor-widget-container\">\n\t\t\t<h2 class=\"elementor-heading-title elementor-size-default\">- Nosso Compromisso\n<\/h2>\t\t<\/div>\n\t\t\t\t<\/div>\n\t\t\t\t<div class=\"elementor-element elementor-element-04b6981 elementor-widget elementor-widget-text-editor\" data-id=\"04b6981\" data-element_type=\"widget\" data-widget_type=\"text-editor.default\">\n\t\t\t\t<div class=\"elementor-widget-container\">\n\t\t\t\t\t\t\tEstamos comprometidos em ser um farol de luz e esperan\u00e7a, trazendo a mensagem de amor, gra\u00e7a e reden\u00e7\u00e3o a todos que nos sintonizam. Nosso desejo \u00e9 que cada ouvinte e espectador encontre encorajamento, inspira\u00e7\u00e3o e crescimento espiritual atrav\u00e9s de nossa programa\u00e7\u00e3o.\n\t\t\t\t\t\t<\/div>\n\t\t\t\t<\/div>\n\t\t\t\t\t<\/div>\n\t\t<\/div>\n\t\t\t\t\t<\/div>\n\t\t<\/section>\n\t\t\t\t<section class=\"elementor-section elementor-inner-section elementor-element elementor-element-7f2134b elementor-section-boxed elementor-section-height-default elementor-section-height-default\" data-id=\"7f2134b\" data-element_type=\"section\">\n\t\t\t\t\t\t<div class=\"elementor-container elementor-column-gap-default\">\n\t\t\t\t\t<div class=\"elementor-column elementor-col-100 elementor-inner-column elementor-element elementor-element-203124f\" data-id=\"203124f\" data-element_type=\"column\">\n\t\t\t<div class=\"elementor-widget-wrap elementor-element-populated\">\n\t\t\t\t\t\t<div class=\"elementor-element elementor-element-4978282 elementor-widget elementor-widget-heading\" data-id=\"4978282\" data-element_type=\"widget\" data-widget_type=\"heading.default\">\n\t\t\t\t<div class=\"elementor-widget-container\">\n\t\t\t<h2 class=\"elementor-heading-title elementor-size-default\">- Conecte-se Conosco\n<\/h2>\t\t<\/div>\n\t\t\t\t<\/div>\n\t\t\t\t<div class=\"elementor-element elementor-element-beadbba elementor-widget elementor-widget-text-editor\" data-id=\"beadbba\" data-element_type=\"widget\" data-widget_type=\"text-editor.default\">\n\t\t\t\t<div class=\"elementor-widget-container\">\n\t\t\t\t\t\t\tQueremos que voc\u00ea fa\u00e7a parte da nossa jornada. Acompanhe nossas transmiss\u00f5es, participe das nossas intera\u00e7\u00f5es online e junte-se a n\u00f3s na miss\u00e3o de vivenciar e compartilhar o amor de Cristo. Para mais informa\u00e7\u00f5es, atualiza\u00e7\u00f5es e intera\u00e7\u00f5es, siga-nos em nossas redes sociais e sintonize nossos canais.\t\t\t\t\t\t<\/div>\n\t\t\t\t<\/div>\n\t\t\t\t\t<\/div>\n\t\t<\/div>\n\t\t\t\t\t<\/div>\n\t\t<\/section>\n\t\t\t\t\t<\/div>\n\t\t<\/div>\n\t\t\t\t<div class=\"elementor-column elementor-col-50 elementor-top-column elementor-element elementor-element-4e5678a\" data-id=\"4e5678a\" data-element_type=\"column\">\n\t\t\t<div class=\"elementor-widget-wrap elementor-element-populated\">\n\t\t\t\t\t\t<div class=\"elementor-element elementor-element-70bdb3f elementor-widget elementor-widget-heading\" data-id=\"70bdb3f\" data-element_type=\"widget\" data-widget_type=\"heading.default\">\n\t\t\t\t<div class=\"elementor-widget-container\">\n\t\t\t<h2 class=\"elementor-heading-title elementor-size-default\">Cantores<\/h2>\t\t<\/div>\n\t\t\t\t<\/div>\n\t\t\t\t<div class=\"elementor-element elementor-element-13e2685 elementor-position-left elementor-vertical-align-middle elementor-widget elementor-widget-image-box\" data-id=\"13e2685\" data-element_type=\"widget\" data-widget_type=\"image-box.default\">\n\t\t\t\t<div class=\"elementor-widget-container\">\n\t\t\t<style>\/*! elementor - v3.21.0 - 15-04-2024 *\/\n.elementor-widget-image-box .elementor-image-box-content{width:100%}@media (min-width:768px){.elementor-widget-image-box.elementor-position-left .elementor-image-box-wrapper,.elementor-widget-image-box.elementor-position-right .elementor-image-box-wrapper{display:flex}.elementor-widget-image-box.elementor-position-right .elementor-image-box-wrapper{text-align:end;flex-direction:row-reverse}.elementor-widget-image-box.elementor-position-left .elementor-image-box-wrapper{text-align:start;flex-direction:row}.elementor-widget-image-box.elementor-position-top .elementor-image-box-img{margin:auto}.elementor-widget-image-box.elementor-vertical-align-top .elementor-image-box-wrapper{align-items:flex-start}.elementor-widget-image-box.elementor-vertical-align-middle .elementor-image-box-wrapper{align-items:center}.elementor-widget-image-box.elementor-vertical-align-bottom .elementor-image-box-wrapper{align-items:flex-end}}@media (max-width:767px){.elementor-widget-image-box .elementor-image-box-img{margin-left:auto!important;margin-right:auto!important;margin-bottom:15px}}.elementor-widget-image-box .elementor-image-box-img{display:inline-block}.elementor-widget-image-box .elementor-image-box-title a{color:inherit}.elementor-widget-image-box .elementor-image-box-wrapper{text-align:center}.elementor-widget-image-box .elementor-image-box-description{margin:0}<\/style><div class=\"elementor-image-box-wrapper\"><figure class=\"elementor-image-box-img\"><img decoding=\"async\" width=\"150\" height=\"150\" src=\"https:\/\/radiotvcristoealianca.com.br\/site\/wp-content\/uploads\/2022\/05\/Anderson-Freire-02-1-150x150.webp\" class=\"attachment-thumbnail size-thumbnail wp-image-62\" alt=\"\" \/><\/figure><div class=\"elementor-image-box-content\"><h3 class=\"elementor-image-box-title\">Anderson Freire<\/h3><p class=\"elementor-image-box-description\">Cantor Gospel<\/p><\/div><\/div>\t\t<\/div>\n\t\t\t\t<\/div>\n\t\t\t\t<div class=\"elementor-element elementor-element-2811f49 elementor-position-left elementor-vertical-align-middle elementor-widget elementor-widget-image-box\" data-id=\"2811f49\" data-element_type=\"widget\" data-widget_type=\"image-box.default\">\n\t\t\t\t<div class=\"elementor-widget-container\">\n\t\t\t<div class=\"elementor-image-box-wrapper\"><figure class=\"elementor-image-box-img\"><img decoding=\"async\" width=\"150\" height=\"150\" src=\"https:\/\/radiotvcristoealianca.com.br\/site\/wp-content\/uploads\/2022\/05\/unnamed-1-150x150.jpg\" class=\"attachment-thumbnail size-thumbnail wp-image-63\" alt=\"\" srcset=\"https:\/\/radiotvcristoealianca.com.br\/site\/wp-content\/uploads\/2022\/05\/unnamed-1-150x150.jpg 150w, https:\/\/radiotvcristoealianca.com.br\/site\/wp-content\/uploads\/2022\/05\/unnamed-1-300x300.jpg 300w, https:\/\/radiotvcristoealianca.com.br\/site\/wp-content\/uploads\/2022\/05\/unnamed-1-768x768.jpg 768w, https:\/\/radiotvcristoealianca.com.br\/site\/wp-content\/uploads\/2022\/05\/unnamed-1.jpg 900w\" sizes=\"(max-width: 150px) 100vw, 150px\" \/><\/figure><div class=\"elementor-image-box-content\"><h3 class=\"elementor-image-box-title\">Gabriela Rocha<\/h3><p class=\"elementor-image-box-description\">Cantora Gospel<\/p><\/div><\/div>\t\t<\/div>\n\t\t\t\t<\/div>\n\t\t\t\t<div class=\"elementor-element elementor-element-7941d28 elementor-position-left elementor-vertical-align-middle elementor-widget elementor-widget-image-box\" data-id=\"7941d28\" data-element_type=\"widget\" data-widget_type=\"image-box.default\">\n\t\t\t\t<div class=\"elementor-widget-container\">\n\t\t\t<div class=\"elementor-image-box-wrapper\"><figure class=\"elementor-image-box-img\"><img decoding=\"async\" width=\"150\" height=\"150\" src=\"https:\/\/radiotvcristoealianca.com.br\/site\/wp-content\/uploads\/2022\/05\/a591899893fccc5e7a9974aa9395d729-1-150x150.jpg\" class=\"attachment-thumbnail size-thumbnail wp-image-64\" alt=\"\" \/><\/figure><div class=\"elementor-image-box-content\"><h3 class=\"elementor-image-box-title\">Fernandinho<\/h3><p class=\"elementor-image-box-description\">Cantor Gospel<\/p><\/div><\/div>\t\t<\/div>\n\t\t\t\t<\/div>\n\t\t\t\t<div class=\"elementor-element elementor-element-992d046 elementor-position-left elementor-vertical-align-middle elementor-widget elementor-widget-image-box\" data-id=\"992d046\" data-element_type=\"widget\" data-widget_type=\"image-box.default\">\n\t\t\t\t<div class=\"elementor-widget-container\">\n\t\t\t<div class=\"elementor-image-box-wrapper\"><figure class=\"elementor-image-box-img\"><img loading=\"lazy\" decoding=\"async\" width=\"150\" height=\"150\" src=\"https:\/\/radiotvcristoealianca.com.br\/site\/wp-content\/uploads\/2024\/08\/maicon-150x150.png\" class=\"attachment-thumbnail size-thumbnail wp-image-1555\" alt=\"\" srcset=\"https:\/\/radiotvcristoealianca.com.br\/site\/wp-content\/uploads\/2024\/08\/maicon-150x150.png 150w, https:\/\/radiotvcristoealianca.com.br\/site\/wp-content\/uploads\/2024\/08\/maicon-300x300.png 300w, https:\/\/radiotvcristoealianca.com.br\/site\/wp-content\/uploads\/2024\/08\/maicon.png 500w\" sizes=\"(max-width: 150px) 100vw, 150px\" \/><\/figure><div class=\"elementor-image-box-content\"><h3 class=\"elementor-image-box-title\">Michael W. Smith<\/h3><p class=\"elementor-image-box-description\">Cantor Gospel<\/p><\/div><\/div>\t\t<\/div>\n\t\t\t\t<\/div>\n\t\t\t\t<div class=\"elementor-element elementor-element-cb855f7 elementor-position-left elementor-vertical-align-middle elementor-widget elementor-widget-image-box\" data-id=\"cb855f7\" data-element_type=\"widget\" data-widget_type=\"image-box.default\">\n\t\t\t\t<div class=\"elementor-widget-container\">\n\t\t\t<div class=\"elementor-image-box-wrapper\"><figure class=\"elementor-image-box-img\"><img loading=\"lazy\" decoding=\"async\" width=\"150\" height=\"150\" src=\"https:\/\/radiotvcristoealianca.com.br\/site\/wp-content\/uploads\/2022\/05\/Aline-1-1-150x150.png\" class=\"attachment-thumbnail size-thumbnail wp-image-66\" alt=\"\" srcset=\"https:\/\/radiotvcristoealianca.com.br\/site\/wp-content\/uploads\/2022\/05\/Aline-1-1-150x150.png 150w, https:\/\/radiotvcristoealianca.com.br\/site\/wp-content\/uploads\/2022\/05\/Aline-1-1-300x300.png 300w, https:\/\/radiotvcristoealianca.com.br\/site\/wp-content\/uploads\/2022\/05\/Aline-1-1.png 330w\" sizes=\"(max-width: 150px) 100vw, 150px\" \/><\/figure><div class=\"elementor-image-box-content\"><h3 class=\"elementor-image-box-title\">Aline Barros<\/h3><p class=\"elementor-image-box-description\">Cantora Gospel<\/p><\/div><\/div>\t\t<\/div>\n\t\t\t\t<\/div>\n\t\t\t\t<section class=\"elementor-section elementor-inner-section elementor-element elementor-element-2e7b691 elementor-section-boxed elementor-section-height-default elementor-section-height-default\" data-id=\"2e7b691\" data-element_type=\"section\">\n\t\t\t\t\t\t<div class=\"elementor-container elementor-column-gap-default\">\n\t\t\t\t\t<div class=\"elementor-column elementor-col-100 elementor-inner-column elementor-element elementor-element-2d77cac\" data-id=\"2d77cac\" data-element_type=\"column\">\n\t\t\t<div class=\"elementor-widget-wrap elementor-element-populated\">\n\t\t\t\t\t\t<div class=\"elementor-element elementor-element-c87ea66 elementor-widget elementor-widget-heading\" data-id=\"c87ea66\" data-element_type=\"widget\" data-widget_type=\"heading.default\">\n\t\t\t\t<div class=\"elementor-widget-container\">\n\t\t\t<h2 class=\"elementor-heading-title elementor-size-default\">Chave Pix<\/h2>\t\t<\/div>\n\t\t\t\t<\/div>\n\t\t\t\t<div class=\"elementor-element elementor-element-8b73d49 elementor-widget elementor-widget-image\" data-id=\"8b73d49\" data-element_type=\"widget\" data-widget_type=\"image.default\">\n\t\t\t\t<div class=\"elementor-widget-container\">\n\t\t\t<style>\/*! elementor - v3.21.0 - 15-04-2024 *\/\n.elementor-widget-image{text-align:center}.elementor-widget-image a{display:inline-block}.elementor-widget-image a img[src$=\".svg\"]{width:48px}.elementor-widget-image img{vertical-align:middle;display:inline-block}<\/style>\t\t\t\t\t\t\t\t\t\t<img loading=\"lazy\" decoding=\"async\" width=\"296\" height=\"300\" src=\"https:\/\/radiotvcristoealianca.com.br\/site\/wp-content\/uploads\/2024\/08\/pix-296x300.png\" class=\"attachment-medium size-medium wp-image-1414\" alt=\"\" srcset=\"https:\/\/radiotvcristoealianca.com.br\/site\/wp-content\/uploads\/2024\/08\/pix-296x300.png 296w, https:\/\/radiotvcristoealianca.com.br\/site\/wp-content\/uploads\/2024\/08\/pix.png 433w\" sizes=\"(max-width: 296px) 100vw, 296px\" \/>\t\t\t\t\t\t\t\t\t\t\t\t\t<\/div>\n\t\t\t\t<\/div>\n\t\t\t\t\t<\/div>\n\t\t<\/div>\n\t\t\t\t\t<\/div>\n\t\t<\/section>\n\t\t\t\t\t<\/div>\n\t\t<\/div>\n\t\t\t\t\t<\/div>\n\t\t<\/section>\n\t\t\t\t<\/div>\n\t\t","protected":false},"excerpt":{"rendered":"<p>Sobre n\u00f3s Cristo \u00e9 Alian\u00e7a \u00e9 uma Igreja , r\u00e1dio e TV evang\u00e9lica dedicada a espalhar a mensagem transformadora do Evangelho de Jesus Cristo. Nosso nome reflete o compromisso inabal\u00e1vel com a alian\u00e7a que Deus fez conosco atrav\u00e9s de Seu Filho, Jesus. &#8211; Nossa Hist\u00f3ria A nossa igreja nasceu h\u00e1 mais de 20 anos, a [&hellip;]<\/p>\n","protected":false},"author":1,"featured_media":0,"parent":0,"menu_order":0,"comment_status":"closed","ping_status":"closed","template":"elementor_header_footer","meta":{"footnotes":""},"_links":{"self":[{"href":"https:\/\/radiotvcristoealianca.com.br\/site\/wp-json\/wp\/v2\/pages\/34"}],"collection":[{"href":"https:\/\/radiotvcristoealianca.com.br\/site\/wp-json\/wp\/v2\/pages"}],"about":[{"href":"https:\/\/radiotvcristoealianca.com.br\/site\/wp-json\/wp\/v2\/types\/page"}],"author":[{"embeddable":true,"href":"https:\/\/radiotvcristoealianca.com.br\/site\/wp-json\/wp\/v2\/users\/1"}],"replies":[{"embeddable":true,"href":"https:\/\/radiotvcristoealianca.com.br\/site\/wp-json\/wp\/v2\/comments?post=34"}],"version-history":[{"count":31,"href":"https:\/\/radiotvcristoealianca.com.br\/site\/wp-json\/wp\/v2\/pages\/34\/revisions"}],"predecessor-version":[{"id":1561,"href":"https:\/\/radiotvcristoealianca.com.br\/site\/wp-json\/wp\/v2\/pages\/34\/revisions\/1561"}],"wp:attachment":[{"href":"https:\/\/radiotvcristoealianca.com.br\/site\/wp-json\/wp\/v2\/media?parent=34"}],"curies":[{"name":"wp","href":"https:\/\/api.w.org\/{rel}","templated":true}]}}